{"id":5,"date":"2015-09-09T19:53:29","date_gmt":"2015-09-09T17:53:29","guid":{"rendered":"http:\/\/ommlets.de\/?page_id=5"},"modified":"2015-09-29T01:11:00","modified_gmt":"2015-09-28T23:11:00","slug":"faq","status":"publish","type":"page","link":"https:\/\/epoost.de\/de_DE\/faq","title":{"rendered":"FAQ"},"content":{"rendered":"<p><code><form class=\"mltlngg_switcher\" name=\"mltlngg_change_language\" method=\"post\" action=\"\"><button class=\"mltlngg-lang-button-icons\" name=\"mltlngg_change_display_lang\" value=\"de_DE\" title=\"Deutsch\">\n\t\t\t\t\t\t\t<img class=\"mltlngg-current-lang\" src=\"https:\/\/epoost.de\/wp-content\/plugins\/multilanguage\/images\/flags\/de_DE.png\" alt=\"Deutsch\">\n\t\t\t\t\t\t<\/button><button class=\"mltlngg-lang-button-icons\" name=\"mltlngg_change_display_lang\" value=\"en_US\" title=\"English\">\n\t\t\t\t\t\t\t<img class=\"mltlngg-lang\" src=\"https:\/\/epoost.de\/wp-content\/plugins\/multilanguage\/images\/flags\/en_US.png\" alt=\"English\">\n\t\t\t\t\t\t<\/button><\/form><\/code><\/p>\n<p><code>            <div class=\"qae-faqs-container qae-faqs-toggle-container\">\n\t\t\t\t\t\t\t<ul class=\"qe-faqs-filters-container\">\n\t\t\t\t<li class=\"active\"><a class=\"qe-faqs-filter all-faqs\" href=\"#\" data-filter=\"*\">Alle<\/a><\/li>\n\t\t\t\t<li><a class=\"qe-faqs-filter\" href=\"#faq-de\" data-filter=\".faq-de\">FAQ-DE<\/a><\/li>\t\t\t<\/ul>\n\t\t\t\t\t<div id=\"qaef-475\" class=\"qe-faq-toggle faq-de\">\n\t\t\t<div class=\"qe-toggle-title\">\n\t\t\t\t<h4>\n\t\t\t\t\t<i class=\"fa fa-minus-circle\"><\/i> Wie kann ich mich \u00fcber realisierte Kursbausteine oder m\u00f6gliche Ideen austauschen?\t\t\t\t<\/h4>\n\t\t\t<\/div>\n\t\t\t<div class=\"qe-toggle-content\">\n\t\t\t\t<p>M\u00f6glichkeit 1)<\/p>\n<p>Gehe auf die <a href=\"http:\/\/ommlets.de\/de_DE\/kommentare\">Kommentarseite<\/a> und stelle deine Fragen oder biete deine Ideen an.<\/p>\n<p>M\u00f6glichkeit 2)<\/p>\n<p>Gehe auf die <a href=\"http:\/\/ommlets.de\/de_DE\/kursbausteine\">Kursbausteinseite<\/a>, registriere dich, beschreibe deine Kursbausteine oder nehme \u00fcber die Mailadresse, welches du im Benutzer-Men\u00fc findest, Kontakt auf.<\/p>\n\t\t\t<\/div>\n\t\t<\/div>\n\t\t\t\t<div id=\"qaef-10\" class=\"qe-faq-toggle faq-de\">\n\t\t\t<div class=\"qe-toggle-title\">\n\t\t\t\t<h4>\n\t\t\t\t\t<i class=\"fa fa-minus-circle\"><\/i> Gibt es eine FREE version der App OMMLET?\t\t\t\t<\/h4>\n\t\t\t<\/div>\n\t\t\t<div class=\"qe-toggle-content\">\n\t\t\t\t<p><code>Es gibt eine FREE-Version. Sie enth\u00e4lt <span style=\"color: #0000ff\"><strong>nur 1 Kursbaustein<\/strong><\/span>, an welchem alle Funktionen durchgespielt werden k\u00f6nnen.<\/code><\/p>\n<h3 style=\"text-align: center\"><a href=\"https:\/\/play.google.com\/store\/apps\/details?id=com.softopus.ommlets.full\"><img loading=\"lazy\" class=\"aligncenter wp-image-411 size-medium\" src=\"http:\/\/ommlet.de\/wp-content\/uploads\/2016\/10\/google-play-badge-300x116.png\" alt=\"google-play-badge\" width=\"300\" height=\"116\" \/><\/a>In der Zwischenzeit habe ich eine Sponsorversion compiliert, die <code><span style=\"color: #0000ff\"><strong>keine<\/strong><\/span><\/code> <code><span style=\"color: #0000ff\"><strong>Einschr\u00e4nkungen<\/strong><\/span><\/code> aufweist.<\/h3>\n<h3><a href=\"http:\/\/ommlet.de\/de_DE\/sponsor\"><img loading=\"lazy\" class=\"aligncenter wp-image-411 size-full\" src=\"http:\/\/ommlet.de\/wp-content\/uploads\/2016\/10\/google-play-badge.png\" alt=\"\" width=\"646\" height=\"250\" \/><\/a><\/h3>\n\t\t\t<\/div>\n\t\t<\/div>\n\t\t\t\t<div id=\"qaef-9\" class=\"qe-faq-toggle faq-de\">\n\t\t\t<div class=\"qe-toggle-title\">\n\t\t\t\t<h4>\n\t\t\t\t\t<i class=\"fa fa-minus-circle\"><\/i> Wird eine kostenlose App mit allen Funktionen werbefinanziert angeboten?\t\t\t\t<\/h4>\n\t\t\t<\/div>\n\t\t\t<div class=\"qe-toggle-content\">\n\t\t\t\t<div class=\"qe-toggle-content\">\n<p>Nein.<\/p>\n<p>Kritik 1: Es ist nervig dauernd wechselnde Einblendungen zu ertragen. Teilweise finden sich in kostenlosen Apps Werbebanner, deren Inhalt nicht von den Programmierern kontrolliert wird, sondern durch Werbenetzwerke teilweise mit Abofallen verkn\u00fcpft wird<\/p>\n<p><span class=\"general2\">Kritik 2: Die Werbe-Einblendungen in Apps verbrauchen durch den st\u00e4ndigen Download von Daten und das Auslesen von Standortinfos viel Strom. Mit der eingeschr\u00e4nkten FREE OMMLET-App k\u00f6nnen die Funktionen durchprobiert werden. Der Programmieraufwand sollte den Nutzern etwas \u201eWERT\u201c sein.<br \/>\n<\/span><\/p>\n<\/div>\n\t\t\t<\/div>\n\t\t<\/div>\n\t\t\t\t<div id=\"qaef-8\" class=\"qe-faq-toggle faq-de\">\n\t\t\t<div class=\"qe-toggle-title\">\n\t\t\t\t<h4>\n\t\t\t\t\t<i class=\"fa fa-minus-circle\"><\/i> Wo finde ich urheberrechtlich nicht gesch\u00fctzte Bilder?\t\t\t\t<\/h4>\n\t\t\t<\/div>\n\t\t\t<div class=\"qe-toggle-content\">\n\t\t\t\t<div class=\"qe-toggle-content\">\n<p>Kopierte, beziehungsweise eingescannte Bilder aus B\u00fcchern, Werkst\u00e4tten oder dem Internet sind meist urheberrechtlich gesch\u00fctzt.<\/p>\n<p>Um f\u00fcr eigene Kursbausteine aber dennoch Bilder zu finden, empfehle ich die Verwendung von GNU-lizenzierten Bildern (GNU = General Public License) oder die als \u201efreie Lizenz\u201c von der Organisation Creative Commons beschriebene Lizenz (<a href=\"https:\/\/creativecommons.org\/licenses\/by-nc-sa\/3.0\/de\/\">https:\/\/creativecommons.org\/licenses\/by-nc-sa\/3.0\/de\/<\/a>)<br \/>\nEine GNU-oder Creative Commons Lizenz erlaubt die Weiterverwendung eines Bildes f\u00fcr nicht-kommerzielle Zwecke.<\/p>\n<p>Weitere kostenlose Bilder findet man z.B. unter:<br \/>\n<a href=\"http:\/\/commons.wikimedia.org\" target=\"_blank\">Commons Wikipedia<\/a><br \/>\n<a href=\"http:\/\/www.freeimages.co.uk\/\" target=\"_blank\">Free Images UK<\/a><br \/>\n<a href=\"http:\/\/www.freefoto.com\" target=\"_blank\">Free Foto<\/a><br \/>\n<a href=\"http:\/\/www.fotodatenbank.com\" target=\"_blank\">Fotodatenbank<\/a><\/p>\n<p>Diese Bilddatenbanken verf\u00fcgen jedoch \u00fcber eigene Lizenzvereinbarungen, die man vor Gebrauch konsultieren sollte.<\/p>\n<\/div>\n\t\t\t<\/div>\n\t\t<\/div>\n\t\t\t\t<div id=\"qaef-7\" class=\"qe-faq-toggle faq-de\">\n\t\t\t<div class=\"qe-toggle-title\">\n\t\t\t\t<h4>\n\t\t\t\t\t<i class=\"fa fa-minus-circle\"><\/i> Wie gehe ich mit dem Urheberrecht bei Bildmaterial um?\t\t\t\t<\/h4>\n\t\t\t<\/div>\n\t\t\t<div class=\"qe-toggle-content\">\n\t\t\t\t<div class=\"qe-toggle-content\">\n<div data-canvas-width=\"349.5166666666666\">Mit der Kennzeichnung CC \u2013 Some rights reserved (CC= Creative Commons) k\u00f6nnen Urheber ihre Werke versehen, wenn sie einen Teil ihres Urheberrechts nicht beanspruchen und so anderen die Nutzung ihrer Werke grunds\u00e4tzlich erlauben m\u00f6chten. Dabei werden verschiedene Einschr\u00e4nkungen unterschieden:<\/div>\n<div data-canvas-width=\"186.04999999999995\">CC-BY = der Name des Urhebers muss genannt werden (Mindestbedingung)<\/div>\n<div data-canvas-width=\"300.34999999999997\">CC-SA = Share-Alike \u2013 die Weitergabe muss unter denselben Lizenzbedingungen erfolgen<\/div>\n<div data-canvas-width=\"405.2633333333333\">CC-ND = No derivative work \/ keine Bearbeitung \u2013 das Werk darf nicht ver\u00e4ndert, bearbeitet oder abgewandelt werden<\/div>\n<div data-canvas-width=\"287.75\">CC-NC = non commercial \u2013 das Werk darf nicht f\u00fcr kommerzielle Zwecke genutzt werden<\/div>\n<div data-canvas-width=\"287.75\"><\/div>\n<div data-canvas-width=\"411.1583333333333\">Diese Module lassen sich miteinander kombinieren, also zum Beispiel CC-BY-ND f\u00fcr ein Werk, dass unter<\/div>\n<div data-canvas-width=\"410.84666666666664\">Nennung des Urhebers genutzt, aber nicht ver\u00e4ndert werden darf. Achten Sie also nicht nur darauf, ob ein<\/div>\n<div data-canvas-width=\"405.9333333333335\">Werk Creative Commons lizensiert ist, sondern schauen Sie stets genau hin, welche Lizenz verwendet wird.<\/div>\n<div data-canvas-width=\"153.31666666666663\">Eine einfache Erkl\u00e4rung zu den CC-Lizenzen findet sich unter <a href=\"http:\/\/www.bildersuche.org\/creative-commons-infografik.php\">http:\/\/www.bildersuche.org\/creative-commons-infografik.php<\/a><\/div>\n<div data-canvas-width=\"153.31666666666663\"><\/div>\n<div data-canvas-width=\"335.80000000000007\">Dar\u00fcber hinaus besteht die M\u00f6glichkeit, seine Werke als Public Domain (Allgemeingut) zu erkl\u00e4ren. Damit stehen sie jedem f\u00fcr alle Zwecke ohne Einschr\u00e4nkung zur Verf\u00fcgung. Creative Commons versucht hierf\u00fcr die Lizenz CC0 zu etablieren, diese ist allerdings in Deutschland noch nicht juristisch \u00fcberpr\u00fcft.<\/div>\n<\/div>\n<p>&nbsp;<\/p>\n\t\t\t<\/div>\n\t\t<\/div>\n\t\t            <\/div>\n\t\t<\/code><\/p>\n","protected":false},"excerpt":{"rendered":"","protected":false},"author":2,"featured_media":0,"parent":0,"menu_order":4,"comment_status":"closed","ping_status":"closed","template":"","meta":[],"_links":{"self":[{"href":"https:\/\/epoost.de\/de_DE\/wp-json\/wp\/v2\/pages\/5"}],"collection":[{"href":"https:\/\/epoost.de\/de_DE\/wp-json\/wp\/v2\/pages"}],"about":[{"href":"https:\/\/epoost.de\/de_DE\/wp-json\/wp\/v2\/types\/page"}],"author":[{"embeddable":true,"href":"https:\/\/epoost.de\/de_DE\/wp-json\/wp\/v2\/users\/2"}],"replies":[{"embeddable":true,"href":"https:\/\/epoost.de\/de_DE\/wp-json\/wp\/v2\/comments?post=5"}],"version-history":[{"count":12,"href":"https:\/\/epoost.de\/de_DE\/wp-json\/wp\/v2\/pages\/5\/revisions"}],"predecessor-version":[{"id":224,"href":"https:\/\/epoost.de\/de_DE\/wp-json\/wp\/v2\/pages\/5\/revisions\/224"}],"wp:attachment":[{"href":"https:\/\/epoost.de\/de_DE\/wp-json\/wp\/v2\/media?parent=5"}],"curies":[{"name":"wp","href":"https:\/\/api.w.org\/{rel}","templated":true}]}}