{"id":115,"date":"2016-09-10T18:49:21","date_gmt":"2016-09-10T16:49:21","guid":{"rendered":"http:\/\/ommlets.de\/?page_id=115"},"modified":"2017-07-25T12:26:06","modified_gmt":"2017-07-25T10:26:06","slug":"home","status":"publish","type":"page","link":"https:\/\/epoost.de\/de_DE\/","title":{"rendered":"Home"},"content":{"rendered":"<p\n style=\"text-align: center;\"><code><form class=\"mltlngg_switcher\" name=\"mltlngg_change_language\" method=\"post\" action=\"\"><button class=\"mltlngg-lang-button-icons\" name=\"mltlngg_change_display_lang\" value=\"de_DE\" title=\"Deutsch\">\n\t\t\t\t\t\t\t<img class=\"mltlngg-current-lang\" src=\"https:\/\/epoost.de\/wp-content\/plugins\/multilanguage\/images\/flags\/de_DE.png\" alt=\"Deutsch\">\n\t\t\t\t\t\t<\/button><button class=\"mltlngg-lang-button-icons\" name=\"mltlngg_change_display_lang\" value=\"en_US\" title=\"English\">\n\t\t\t\t\t\t\t<img class=\"mltlngg-lang\" src=\"https:\/\/epoost.de\/wp-content\/plugins\/multilanguage\/images\/flags\/en_US.png\" alt=\"English\">\n\t\t\t\t\t\t<\/button><\/form><\/code><\/p>\n<p\n style=\"text-align: center;\">Das klassische Omelette besteht lediglich aus <strong>verr\u00fchrten Eiern<\/strong> und einigen <em>wenigen<\/em> Beigaben und ist ein Nahrungsmittel.<\/p>\n<blockquote>\n<p\n style=\"text-align: center;\">Die App <strong>OMMLET<\/strong> dient der Gehirnnahrung mit <em>vielen<\/em> Beilagen.<\/p>\n<\/blockquote>\n<p><a href=\"http:\/\/ommlet.de\/de_DE\/sponsor\"><img decoding=\"async\" loading=\"lazy\" class=\"aligncenter wp-image-411 size-medium\" src=\"http:\/\/ommlet.de\/wp-content\/uploads\/2016\/10\/google-play-badge-300x116.png\" alt=\"google-play-badge\" width=\"300\" height=\"116\" srcset=\"https:\/\/epoost.de\/wp-content\/uploads\/2016\/10\/google-play-badge-300x116.png 300w, https:\/\/epoost.de\/wp-content\/uploads\/2016\/10\/google-play-badge.png 646w\" sizes=\"(max-width: 300px) 100vw, 300px\" \/><\/a>Das Akronym OMMLET bedeutet:<\/p>\n<p><span style=\"color: red;\">O<\/span> <span style=\"color: blue;\">O<\/span><span style=\"color: black;\">ffen<\/span><\/p>\n<p><span style=\"color: red;\">MM<\/span> <span style=\"color: blue;\">M<\/span><span style=\"color: black;\">ulti<\/span><span style=\"color: blue;\">M<\/span><span style=\"color: black;\">edial<\/span><\/p>\n<p><span style=\"color: red;\">LE<\/span> <span style=\"color: blue;\">Le<\/span><span style=\"color: black;\">rnen<\/span><\/p>\n<p><span style=\"color: red;\">T <\/span> <span style=\"color: blue;\">T<\/span><span style=\"color: black;\">rainieren<\/span><\/p>\n<p>&nbsp;<\/p>\n<p>Offen \u00a0 \u00a0 \u00a0 \u00a0 \u00a0\u00a0 \u2013 es kann eigenes Bildmaterial hinterlegt werden<\/p>\n<p>Multimedial\u00a0 \u00a0 \u2013 an Hotspots werden Text und Sound verkn\u00fcpft<\/p>\n<p>Lernen \u00a0 \u00a0 \u00a0\u00a0 \u00a0 \u2013 durch das Erstellen von Kursbausteinen* im <a href=\"https:\/\/www.blikk.it\/angebote\/schulegestalten\/se420.htm\" target=\"_blank\" rel=\"noopener\">konstruktivistischen<\/a>** Sinne, werden Inhalte erarbeitet<\/p>\n<p>Trainieren \u00a0 \u00a0 \u2013 durch intensives \u00dcben*** werden Inhalte gefestigt<\/p>\n<p>&nbsp;<\/p>\n<p>* <span style=\"color: blue;\">Kursbausteine<\/span> = Lern- und \u00dcbungseinheiten werden in einem Kurs, der aus Kursbausteinen besteht, zusammen gefasst.<\/p>\n<p>** <a href=\"https:\/\/de.wikipedia.org\/wiki\/Konstruktivistische_Didaktik\" target=\"_blank\" rel=\"noopener\">Konstruktivismus<\/a><\/p>\n<ul>\n<li><strong>Wilhelm Grie\u00dfhaber<\/strong>: \u201e<strong>Sprachlabor to Go<\/strong>\u201c \u2013 Lehr- und Lernbedingungen mit Smartphone und Tablet. In: Drumbl, Hans; Hornung, Antonie (Hrsg.): IDT 2013. Band 1. Hauptvortr\u00e4ge. Bozen, 2015. S. 405-421. Pdf-Download des ganzen Bandes unter <a href=\"http:\/\/bupress.unibz.it\/de\/idt-2013-1-hauptvortrage.html\">http:\/\/bupress.unibz.it\/de\/idt-2013-1-hauptvortrage.html<\/a><\/li>\n<li>Wilhelm Grie\u00dfhaber bezieht sich in diesem Artikel auf die <strong>Fremdsprachenvermittlung. <\/strong><\/li>\n<\/ul>\n<p><a href=\"http:\/\/ommlets.de\/wp-content\/uploads\/2017\/02\/grie\u00dfhaber-wilhelm-konstruktivismus-tablet-1.jpg\"><img decoding=\"async\" loading=\"lazy\" class=\"aligncenter wp-image-566 size-medium\" src=\"http:\/\/ommlets.de\/wp-content\/uploads\/2017\/02\/grie\u00dfhaber-wilhelm-konstruktivismus-tablet-1-300x115.jpg\" width=\"300\" height=\"115\" srcset=\"https:\/\/epoost.de\/wp-content\/uploads\/2017\/02\/grie\u00dfhaber-wilhelm-konstruktivismus-tablet-1-300x115.jpg 300w, https:\/\/epoost.de\/wp-content\/uploads\/2017\/02\/grie\u00dfhaber-wilhelm-konstruktivismus-tablet-1-768x294.jpg 768w, https:\/\/epoost.de\/wp-content\/uploads\/2017\/02\/grie\u00dfhaber-wilhelm-konstruktivismus-tablet-1.jpg 900w\" sizes=\"(max-width: 300px) 100vw, 300px\" \/><\/a><\/p>\n<p>&nbsp;<\/p>\n<blockquote><p>*** Mit der App kann man das machen, was Menschen eigentlich sonst nicht gerne machen, n\u00e4mlich intensives \u00dcben. Pures L\u00e4nder lernen wurde lange Zeit aus den Schulzimmern verbannt. Mit der App z.B. kann es aber wieder Spass machen, alle L\u00e4nder Europas zu lernen.<\/p><\/blockquote>\n<h3 style=\"text-align: center;\">*** LERNEN = Jeder muss das Rad f\u00fcr sich selber erfinden ***LEARNING &#8211; Everybody must reinvent the wheel by himself***<\/h3>\n","protected":false},"excerpt":{"rendered":"<p style=\"text-align: center;\"><code>[multilanguage_switcher]<\/code><\/p>\n<p style=\"text-align: center;\">Das klassische Omelette besteht lediglich aus <strong>verr\u00fchrten Eiern<\/strong> und einigen <em>wenigen<\/em> Beigaben und ist ein Nahrungsmittel&#8230;.<\/p>\n","protected":false},"author":2,"featured_media":0,"parent":0,"menu_order":0,"comment_status":"closed","ping_status":"closed","template":"","meta":[],"_links":{"self":[{"href":"https:\/\/epoost.de\/de_DE\/wp-json\/wp\/v2\/pages\/115"}],"collection":[{"href":"https:\/\/epoost.de\/de_DE\/wp-json\/wp\/v2\/pages"}],"about":[{"href":"https:\/\/epoost.de\/de_DE\/wp-json\/wp\/v2\/types\/page"}],"author":[{"embeddable":true,"href":"https:\/\/epoost.de\/de_DE\/wp-json\/wp\/v2\/users\/2"}],"replies":[{"embeddable":true,"href":"https:\/\/epoost.de\/de_DE\/wp-json\/wp\/v2\/comments?post=115"}],"version-history":[{"count":44,"href":"https:\/\/epoost.de\/de_DE\/wp-json\/wp\/v2\/pages\/115\/revisions"}],"predecessor-version":[{"id":603,"href":"https:\/\/epoost.de\/de_DE\/wp-json\/wp\/v2\/pages\/115\/revisions\/603"}],"wp:attachment":[{"href":"https:\/\/epoost.de\/de_DE\/wp-json\/wp\/v2\/media?parent=115"}],"curies":[{"name":"wp","href":"https:\/\/api.w.org\/{rel}","templated":true}]}}